{"id":3229,"date":"2019-04-11T16:28:10","date_gmt":"2019-04-11T19:28:10","guid":{"rendered":"http:\/\/webserver4.fumep.edu.br\/eep50anos\/?page_id=3229"},"modified":"2019-04-12T10:16:52","modified_gmt":"2019-04-12T13:16:52","slug":"comissao","status":"publish","type":"page","link":"https:\/\/webserver4.fumep.edu.br\/eep50anos\/comissao\/","title":{"rendered":"Comiss\u00e3o"},"content":{"rendered":"\t\t<div data-elementor-type=\"wp-post\" data-elementor-id=\"3229\" class=\"elementor elementor-3229\">\n\t\t\t\t\t\t<section class=\"elementor-section elementor-top-section elementor-element elementor-element-4f1db2bf elementor-section-boxed elementor-section-height-default elementor-section-height-default\" data-id=\"4f1db2bf\" data-element_type=\"section\">\n\t\t\t\t\t\t<div class=\"elementor-container elementor-column-gap-default\">\n\t\t\t\t\t<div class=\"elementor-column elementor-col-100 elementor-top-column elementor-element elementor-element-727f26c\" data-id=\"727f26c\" data-element_type=\"column\">\n\t\t\t<div class=\"elementor-widget-wrap elementor-element-populated\">\n\t\t\t\t\t\t<div class=\"elementor-element elementor-element-1c9a27e0 elementor-widget elementor-widget-text-editor\" data-id=\"1c9a27e0\" data-element_type=\"widget\" data-widget_type=\"text-editor.default\">\n\t\t\t\t<div class=\"elementor-widget-container\">\n\t\t\t\t\t\t\t<h3><strong>Comiss\u00e3o das Festividades dos 50 anos da EEP<\/strong><\/h3><p>Correspondendo a este momento especial, uma comiss\u00e3o volunt\u00e1ria foi criada para realizar atividades comemorativas neste importante ano festivo. Formada por professores e funcion\u00e1rios, a \u201cComiss\u00e3o das Festividades dos 50 anos da EEP\u201d conta com amplo refor\u00e7o de alunos e de toda a comunidade escolar! Nossa gratid\u00e3o a todos aqueles que est\u00e3o empenhados em fazer desse anivers\u00e1rio um ano inesquec\u00edvel!<\/p><figure id=\"attachment_3236\" aria-describedby=\"caption-attachment-3236\" style=\"width: 668px\" class=\"wp-caption alignleft\"><img fetchpriority=\"high\" decoding=\"async\" class=\"wp-image-3236 size-full\" src=\"http:\/\/webserver4.fumep.edu.br\/eep50anos\/site\/wp-content\/uploads\/2019\/04\/Comiss\u00e3o-50-anos-EEP.jpg\" alt=\"\" width=\"668\" height=\"472\" srcset=\"https:\/\/webserver4.fumep.edu.br\/eep50anos\/site\/wp-content\/uploads\/2019\/04\/Comiss\u00e3o-50-anos-EEP.jpg 668w, https:\/\/webserver4.fumep.edu.br\/eep50anos\/site\/wp-content\/uploads\/2019\/04\/Comiss\u00e3o-50-anos-EEP-300x212.jpg 300w\" sizes=\"(max-width: 668px) 100vw, 668px\" \/><figcaption id=\"caption-attachment-3236\" class=\"wp-caption-text\">Representantes da comiss\u00e3o: Gerson Ribeiro de Mello, Maria Helena Santini Campos Tavares, Jo\u00e3o Carlos Scudeller, Magali Tereza Martinez Sancho, Milton Rontani Junior, Guilherme Bel\u00edssimo.<\/figcaption><\/figure>\t\t\t\t\t\t<\/div>\n\t\t\t\t<\/div>\n\t\t\t\t\t<\/div>\n\t\t<\/div>\n\t\t\t\t\t<\/div>\n\t\t<\/section>\n\t\t\t\t<\/div>\n\t\t","protected":false},"excerpt":{"rendered":"<p>Comiss\u00e3o das Festividades dos 50 anos da EEP Correspondendo a este momento especial, uma comiss\u00e3o volunt\u00e1ria foi criada para realizar atividades comemorativas neste importante ano festivo. Formada por professores e funcion\u00e1rios, a \u201cComiss\u00e3o das Festividades dos 50 anos da EEP\u201d conta com amplo refor\u00e7o de alunos e de toda a comunidade escolar! Nossa gratid\u00e3o a [&hellip;]<\/p>\n","protected":false},"author":1,"featured_media":0,"parent":0,"menu_order":0,"comment_status":"closed","ping_status":"closed","template":"","meta":{"footnotes":""},"class_list":["post-3229","page","type-page","status-publish","hentry"],"yoast_head":"<!-- This site is optimized with the Yoast SEO plugin v23.7 - https:\/\/yoast.com\/wordpress\/plugins\/seo\/ -->\n<title>Comiss\u00e3o - EEP 50 Anos<\/title>\n<meta name=\"robots\" content=\"index, follow, max-snippet:-1, max-image-preview:large, max-video-preview:-1\" \/>\n<link rel=\"canonical\" href=\"https:\/\/webserver4.fumep.edu.br\/eep50anos\/comissao\/\" \/>\n<meta property=\"og:locale\" content=\"pt_BR\" \/>\n<meta property=\"og:type\" content=\"article\" \/>\n<meta property=\"og:title\" content=\"Comiss\u00e3o - EEP 50 Anos\" \/>\n<meta property=\"og:description\" content=\"Comiss\u00e3o das Festividades dos 50 anos da EEP Correspondendo a este momento especial, uma comiss\u00e3o volunt\u00e1ria foi criada para realizar atividades comemorativas neste importante ano festivo. Formada por professores e funcion\u00e1rios, a \u201cComiss\u00e3o das Festividades dos 50 anos da EEP\u201d conta com amplo refor\u00e7o de alunos e de toda a comunidade escolar! Nossa gratid\u00e3o a [&hellip;]\" \/>\n<meta property=\"og:url\" content=\"https:\/\/webserver4.fumep.edu.br\/eep50anos\/comissao\/\" \/>\n<meta property=\"og:site_name\" content=\"EEP 50 Anos\" \/>\n<meta property=\"article:modified_time\" content=\"2019-04-12T13:16:52+00:00\" \/>\n<meta name=\"twitter:card\" content=\"summary_large_image\" \/>\n<meta name=\"twitter:label1\" content=\"Est. tempo de leitura\" \/>\n\t<meta name=\"twitter:data1\" content=\"1 minuto\" \/>\n<script type=\"application\/ld+json\" class=\"yoast-schema-graph\">{\"@context\":\"https:\/\/schema.org\",\"@graph\":[{\"@type\":\"WebPage\",\"@id\":\"https:\/\/webserver4.fumep.edu.br\/eep50anos\/comissao\/\",\"url\":\"https:\/\/webserver4.fumep.edu.br\/eep50anos\/comissao\/\",\"name\":\"Comiss\u00e3o - EEP 50 Anos\",\"isPartOf\":{\"@id\":\"https:\/\/webserver4.fumep.edu.br\/eep50anos\/#website\"},\"datePublished\":\"2019-04-11T19:28:10+00:00\",\"dateModified\":\"2019-04-12T13:16:52+00:00\",\"breadcrumb\":{\"@id\":\"https:\/\/webserver4.fumep.edu.br\/eep50anos\/comissao\/#breadcrumb\"},\"inLanguage\":\"pt-BR\",\"potentialAction\":[{\"@type\":\"ReadAction\",\"target\":[\"https:\/\/webserver4.fumep.edu.br\/eep50anos\/comissao\/\"]}]},{\"@type\":\"BreadcrumbList\",\"@id\":\"https:\/\/webserver4.fumep.edu.br\/eep50anos\/comissao\/#breadcrumb\",\"itemListElement\":[{\"@type\":\"ListItem\",\"position\":1,\"name\":\"In\u00edcio\",\"item\":\"https:\/\/webserver4.fumep.edu.br\/eep50anos\/\"},{\"@type\":\"ListItem\",\"position\":2,\"name\":\"Comiss\u00e3o\"}]},{\"@type\":\"WebSite\",\"@id\":\"https:\/\/webserver4.fumep.edu.br\/eep50anos\/#website\",\"url\":\"https:\/\/webserver4.fumep.edu.br\/eep50anos\/\",\"name\":\"EEP 50 Anos\",\"description\":\"Escola de Engenharia de Piracicaba\",\"potentialAction\":[{\"@type\":\"SearchAction\",\"target\":{\"@type\":\"EntryPoint\",\"urlTemplate\":\"https:\/\/webserver4.fumep.edu.br\/eep50anos\/?s={search_term_string}\"},\"query-input\":{\"@type\":\"PropertyValueSpecification\",\"valueRequired\":true,\"valueName\":\"search_term_string\"}}],\"inLanguage\":\"pt-BR\"}]}<\/script>\n<!-- \/ Yoast SEO plugin. -->","yoast_head_json":{"title":"Comiss\u00e3o - EEP 50 Anos","robots":{"index":"index","follow":"follow","max-snippet":"max-snippet:-1","max-image-preview":"max-image-preview:large","max-video-preview":"max-video-preview:-1"},"canonical":"https:\/\/webserver4.fumep.edu.br\/eep50anos\/comissao\/","og_locale":"pt_BR","og_type":"article","og_title":"Comiss\u00e3o - EEP 50 Anos","og_description":"Comiss\u00e3o das Festividades dos 50 anos da EEP Correspondendo a este momento especial, uma comiss\u00e3o volunt\u00e1ria foi criada para realizar atividades comemorativas neste importante ano festivo. Formada por professores e funcion\u00e1rios, a \u201cComiss\u00e3o das Festividades dos 50 anos da EEP\u201d conta com amplo refor\u00e7o de alunos e de toda a comunidade escolar! Nossa gratid\u00e3o a [&hellip;]","og_url":"https:\/\/webserver4.fumep.edu.br\/eep50anos\/comissao\/","og_site_name":"EEP 50 Anos","article_modified_time":"2019-04-12T13:16:52+00:00","twitter_card":"summary_large_image","twitter_misc":{"Est. tempo de leitura":"1 minuto"},"schema":{"@context":"https:\/\/schema.org","@graph":[{"@type":"WebPage","@id":"https:\/\/webserver4.fumep.edu.br\/eep50anos\/comissao\/","url":"https:\/\/webserver4.fumep.edu.br\/eep50anos\/comissao\/","name":"Comiss\u00e3o - EEP 50 Anos","isPartOf":{"@id":"https:\/\/webserver4.fumep.edu.br\/eep50anos\/#website"},"datePublished":"2019-04-11T19:28:10+00:00","dateModified":"2019-04-12T13:16:52+00:00","breadcrumb":{"@id":"https:\/\/webserver4.fumep.edu.br\/eep50anos\/comissao\/#breadcrumb"},"inLanguage":"pt-BR","potentialAction":[{"@type":"ReadAction","target":["https:\/\/webserver4.fumep.edu.br\/eep50anos\/comissao\/"]}]},{"@type":"BreadcrumbList","@id":"https:\/\/webserver4.fumep.edu.br\/eep50anos\/comissao\/#breadcrumb","itemListElement":[{"@type":"ListItem","position":1,"name":"In\u00edcio","item":"https:\/\/webserver4.fumep.edu.br\/eep50anos\/"},{"@type":"ListItem","position":2,"name":"Comiss\u00e3o"}]},{"@type":"WebSite","@id":"https:\/\/webserver4.fumep.edu.br\/eep50anos\/#website","url":"https:\/\/webserver4.fumep.edu.br\/eep50anos\/","name":"EEP 50 Anos","description":"Escola de Engenharia de Piracicaba","potentialAction":[{"@type":"SearchAction","target":{"@type":"EntryPoint","urlTemplate":"https:\/\/webserver4.fumep.edu.br\/eep50anos\/?s={search_term_string}"},"query-input":{"@type":"PropertyValueSpecification","valueRequired":true,"valueName":"search_term_string"}}],"inLanguage":"pt-BR"}]}},"_links":{"self":[{"href":"https:\/\/webserver4.fumep.edu.br\/eep50anos\/wp-json\/wp\/v2\/pages\/3229"}],"collection":[{"href":"https:\/\/webserver4.fumep.edu.br\/eep50anos\/wp-json\/wp\/v2\/pages"}],"about":[{"href":"https:\/\/webserver4.fumep.edu.br\/eep50anos\/wp-json\/wp\/v2\/types\/page"}],"author":[{"embeddable":true,"href":"https:\/\/webserver4.fumep.edu.br\/eep50anos\/wp-json\/wp\/v2\/users\/1"}],"replies":[{"embeddable":true,"href":"https:\/\/webserver4.fumep.edu.br\/eep50anos\/wp-json\/wp\/v2\/comments?post=3229"}],"version-history":[{"count":10,"href":"https:\/\/webserver4.fumep.edu.br\/eep50anos\/wp-json\/wp\/v2\/pages\/3229\/revisions"}],"predecessor-version":[{"id":3260,"href":"https:\/\/webserver4.fumep.edu.br\/eep50anos\/wp-json\/wp\/v2\/pages\/3229\/revisions\/3260"}],"wp:attachment":[{"href":"https:\/\/webserver4.fumep.edu.br\/eep50anos\/wp-json\/wp\/v2\/media?parent=3229"}],"curies":[{"name":"wp","href":"https:\/\/api.w.org\/{rel}","templated":true}]}}