{"id":2935,"date":"2019-03-26T11:27:35","date_gmt":"2019-03-26T14:27:35","guid":{"rendered":"http:\/\/webserver4.fumep.edu.br\/eep50anos\/site\/?page_id=2935"},"modified":"2019-03-29T11:54:11","modified_gmt":"2019-03-29T14:54:11","slug":"historia","status":"publish","type":"page","link":"https:\/\/webserver4.fumep.edu.br\/eep50anos\/historia\/","title":{"rendered":"Hist\u00f3ria"},"content":{"rendered":"<h3><strong>Jovem aos 50<\/strong><\/h3>\n<p>Homens com vis\u00e3o apurada para o futuro despertaram o olhar para o princ\u00edpio da educa\u00e7\u00e3o como for\u00e7a fundamental para o desenvolvimento de Piracicaba.<\/p>\n<p>Nesse sentido, a Escola de Engenharia de Piracicaba &#8211; EEP foi fundada aos cuidados da Funda\u00e7\u00e3o Municipal de Ensino &#8211; FUMEP e iniciou atividades em 1969, com o curso de Engenharia Civil.<\/p>\n<p>Em sua trajet\u00f3ria, ganhou notoriedade e reconhecimento p\u00fablico pelo ensino de qualidade e pela forma\u00e7\u00e3o de profissionais cada vez mais capacitados para atuar com efici\u00eancia, criatividade e responsabilidade. As \u00e1reas do conhecimento se expandiram para as Engenharias Ambiental, de Computa\u00e7\u00e3o, de Produ\u00e7\u00e3o, Mec\u00e2nica e Mecatr\u00f4nica e, mais recentemente, Administra\u00e7\u00e3o, Ci\u00eancia da Computa\u00e7\u00e3o e Tecnologia em Fabrica\u00e7\u00e3o Mec\u00e2nica.<\/p>\n<p>Seu campus possui mais de 35 mil metros quadrados de constru\u00e7\u00e3o, que abrigam administra\u00e7\u00e3o, salas de aulas, anfiteatro, mais de 40 laborat\u00f3rios, biblioteca com mais de 27 mil exemplares f\u00edsicos e 7 mil em formato digital, pra\u00e7a de alimenta\u00e7\u00e3o e estacionamento para mais de 1.200 ve\u00edculos.<\/p>\n<p>Com tamanha estrutura e entusiasmo, tem cumprido a miss\u00e3o de promover o desenvolvimento da nossa cidade!<br \/>\nFa\u00e7a parte desta hist\u00f3ria! Participe das festividades!<\/p>\n<p><iframe title=\"Escola de Engenharia de Piracicaba - 50 anos\" width=\"640\" height=\"360\" src=\"https:\/\/www.youtube.com\/embed\/3o6hKolbiAQ?feature=oembed\" frameborder=\"0\" allow=\"accelerometer; autoplay; clipboard-write; encrypted-media; gyroscope; picture-in-picture; web-share\" referrerpolicy=\"strict-origin-when-cross-origin\" allowfullscreen><\/iframe><\/p>\n<p>&nbsp;<\/p>\n","protected":false},"excerpt":{"rendered":"<p>Jovem aos 50 Homens com vis\u00e3o apurada para o futuro despertaram o olhar para o princ\u00edpio da educa\u00e7\u00e3o como for\u00e7a fundamental para o desenvolvimento de Piracicaba. Nesse sentido, a Escola de Engenharia de Piracicaba &#8211; EEP foi fundada aos cuidados da Funda\u00e7\u00e3o Municipal de Ensino &#8211; FUMEP e iniciou atividades em 1969, com o curso [&hellip;]<\/p>\n","protected":false},"author":1,"featured_media":0,"parent":0,"menu_order":0,"comment_status":"closed","ping_status":"closed","template":"","meta":{"footnotes":""},"class_list":["post-2935","page","type-page","status-publish","hentry"],"yoast_head":"<!-- This site is optimized with the Yoast SEO plugin v23.7 - https:\/\/yoast.com\/wordpress\/plugins\/seo\/ -->\n<title>Hist\u00f3ria - EEP 50 Anos<\/title>\n<meta name=\"description\" content=\"Homens com vis\u00e3o apurada para o futuro despertaram o olhar para o princ\u00edpio da educa\u00e7\u00e3o como for\u00e7a fundamental para o desenvolvimento de Piracicaba.\" \/>\n<meta name=\"robots\" content=\"index, follow, max-snippet:-1, max-image-preview:large, max-video-preview:-1\" \/>\n<link rel=\"canonical\" href=\"https:\/\/webserver4.fumep.edu.br\/eep50anos\/historia\/\" \/>\n<meta property=\"og:locale\" content=\"pt_BR\" \/>\n<meta property=\"og:type\" content=\"article\" \/>\n<meta property=\"og:title\" content=\"Hist\u00f3ria - EEP 50 Anos\" \/>\n<meta property=\"og:description\" content=\"Homens com vis\u00e3o apurada para o futuro despertaram o olhar para o princ\u00edpio da educa\u00e7\u00e3o como for\u00e7a fundamental para o desenvolvimento de Piracicaba.\" \/>\n<meta property=\"og:url\" content=\"https:\/\/webserver4.fumep.edu.br\/eep50anos\/historia\/\" \/>\n<meta property=\"og:site_name\" content=\"EEP 50 Anos\" \/>\n<meta property=\"article:modified_time\" content=\"2019-03-29T14:54:11+00:00\" \/>\n<meta name=\"twitter:card\" content=\"summary_large_image\" \/>\n<meta name=\"twitter:label1\" content=\"Est. tempo de leitura\" \/>\n\t<meta name=\"twitter:data1\" content=\"1 minuto\" \/>\n<script type=\"application\/ld+json\" class=\"yoast-schema-graph\">{\"@context\":\"https:\/\/schema.org\",\"@graph\":[{\"@type\":\"WebPage\",\"@id\":\"https:\/\/webserver4.fumep.edu.br\/eep50anos\/historia\/\",\"url\":\"https:\/\/webserver4.fumep.edu.br\/eep50anos\/historia\/\",\"name\":\"Hist\u00f3ria - EEP 50 Anos\",\"isPartOf\":{\"@id\":\"https:\/\/webserver4.fumep.edu.br\/eep50anos\/#website\"},\"datePublished\":\"2019-03-26T14:27:35+00:00\",\"dateModified\":\"2019-03-29T14:54:11+00:00\",\"description\":\"Homens com vis\u00e3o apurada para o futuro despertaram o olhar para o princ\u00edpio da educa\u00e7\u00e3o como for\u00e7a fundamental para o desenvolvimento de Piracicaba.\",\"breadcrumb\":{\"@id\":\"https:\/\/webserver4.fumep.edu.br\/eep50anos\/historia\/#breadcrumb\"},\"inLanguage\":\"pt-BR\",\"potentialAction\":[{\"@type\":\"ReadAction\",\"target\":[\"https:\/\/webserver4.fumep.edu.br\/eep50anos\/historia\/\"]}]},{\"@type\":\"BreadcrumbList\",\"@id\":\"https:\/\/webserver4.fumep.edu.br\/eep50anos\/historia\/#breadcrumb\",\"itemListElement\":[{\"@type\":\"ListItem\",\"position\":1,\"name\":\"In\u00edcio\",\"item\":\"https:\/\/webserver4.fumep.edu.br\/eep50anos\/\"},{\"@type\":\"ListItem\",\"position\":2,\"name\":\"Hist\u00f3ria\"}]},{\"@type\":\"WebSite\",\"@id\":\"https:\/\/webserver4.fumep.edu.br\/eep50anos\/#website\",\"url\":\"https:\/\/webserver4.fumep.edu.br\/eep50anos\/\",\"name\":\"EEP 50 Anos\",\"description\":\"Escola de Engenharia de Piracicaba\",\"potentialAction\":[{\"@type\":\"SearchAction\",\"target\":{\"@type\":\"EntryPoint\",\"urlTemplate\":\"https:\/\/webserver4.fumep.edu.br\/eep50anos\/?s={search_term_string}\"},\"query-input\":{\"@type\":\"PropertyValueSpecification\",\"valueRequired\":true,\"valueName\":\"search_term_string\"}}],\"inLanguage\":\"pt-BR\"}]}<\/script>\n<!-- \/ Yoast SEO plugin. -->","yoast_head_json":{"title":"Hist\u00f3ria - EEP 50 Anos","description":"Homens com vis\u00e3o apurada para o futuro despertaram o olhar para o princ\u00edpio da educa\u00e7\u00e3o como for\u00e7a fundamental para o desenvolvimento de Piracicaba.","robots":{"index":"index","follow":"follow","max-snippet":"max-snippet:-1","max-image-preview":"max-image-preview:large","max-video-preview":"max-video-preview:-1"},"canonical":"https:\/\/webserver4.fumep.edu.br\/eep50anos\/historia\/","og_locale":"pt_BR","og_type":"article","og_title":"Hist\u00f3ria - EEP 50 Anos","og_description":"Homens com vis\u00e3o apurada para o futuro despertaram o olhar para o princ\u00edpio da educa\u00e7\u00e3o como for\u00e7a fundamental para o desenvolvimento de Piracicaba.","og_url":"https:\/\/webserver4.fumep.edu.br\/eep50anos\/historia\/","og_site_name":"EEP 50 Anos","article_modified_time":"2019-03-29T14:54:11+00:00","twitter_card":"summary_large_image","twitter_misc":{"Est. tempo de leitura":"1 minuto"},"schema":{"@context":"https:\/\/schema.org","@graph":[{"@type":"WebPage","@id":"https:\/\/webserver4.fumep.edu.br\/eep50anos\/historia\/","url":"https:\/\/webserver4.fumep.edu.br\/eep50anos\/historia\/","name":"Hist\u00f3ria - EEP 50 Anos","isPartOf":{"@id":"https:\/\/webserver4.fumep.edu.br\/eep50anos\/#website"},"datePublished":"2019-03-26T14:27:35+00:00","dateModified":"2019-03-29T14:54:11+00:00","description":"Homens com vis\u00e3o apurada para o futuro despertaram o olhar para o princ\u00edpio da educa\u00e7\u00e3o como for\u00e7a fundamental para o desenvolvimento de Piracicaba.","breadcrumb":{"@id":"https:\/\/webserver4.fumep.edu.br\/eep50anos\/historia\/#breadcrumb"},"inLanguage":"pt-BR","potentialAction":[{"@type":"ReadAction","target":["https:\/\/webserver4.fumep.edu.br\/eep50anos\/historia\/"]}]},{"@type":"BreadcrumbList","@id":"https:\/\/webserver4.fumep.edu.br\/eep50anos\/historia\/#breadcrumb","itemListElement":[{"@type":"ListItem","position":1,"name":"In\u00edcio","item":"https:\/\/webserver4.fumep.edu.br\/eep50anos\/"},{"@type":"ListItem","position":2,"name":"Hist\u00f3ria"}]},{"@type":"WebSite","@id":"https:\/\/webserver4.fumep.edu.br\/eep50anos\/#website","url":"https:\/\/webserver4.fumep.edu.br\/eep50anos\/","name":"EEP 50 Anos","description":"Escola de Engenharia de Piracicaba","potentialAction":[{"@type":"SearchAction","target":{"@type":"EntryPoint","urlTemplate":"https:\/\/webserver4.fumep.edu.br\/eep50anos\/?s={search_term_string}"},"query-input":{"@type":"PropertyValueSpecification","valueRequired":true,"valueName":"search_term_string"}}],"inLanguage":"pt-BR"}]}},"_links":{"self":[{"href":"https:\/\/webserver4.fumep.edu.br\/eep50anos\/wp-json\/wp\/v2\/pages\/2935"}],"collection":[{"href":"https:\/\/webserver4.fumep.edu.br\/eep50anos\/wp-json\/wp\/v2\/pages"}],"about":[{"href":"https:\/\/webserver4.fumep.edu.br\/eep50anos\/wp-json\/wp\/v2\/types\/page"}],"author":[{"embeddable":true,"href":"https:\/\/webserver4.fumep.edu.br\/eep50anos\/wp-json\/wp\/v2\/users\/1"}],"replies":[{"embeddable":true,"href":"https:\/\/webserver4.fumep.edu.br\/eep50anos\/wp-json\/wp\/v2\/comments?post=2935"}],"version-history":[{"count":7,"href":"https:\/\/webserver4.fumep.edu.br\/eep50anos\/wp-json\/wp\/v2\/pages\/2935\/revisions"}],"predecessor-version":[{"id":2983,"href":"https:\/\/webserver4.fumep.edu.br\/eep50anos\/wp-json\/wp\/v2\/pages\/2935\/revisions\/2983"}],"wp:attachment":[{"href":"https:\/\/webserver4.fumep.edu.br\/eep50anos\/wp-json\/wp\/v2\/media?parent=2935"}],"curies":[{"name":"wp","href":"https:\/\/api.w.org\/{rel}","templated":true}]}}