{"id":1462,"date":"2017-03-07T10:46:19","date_gmt":"2017-03-07T13:46:19","guid":{"rendered":"http:\/\/webserver4.fumep.edu.br\/eep50anos\/site\/?page_id=1462"},"modified":"2020-02-21T10:47:31","modified_gmt":"2020-02-21T13:47:31","slug":"home","status":"publish","type":"page","link":"https:\/\/webserver4.fumep.edu.br\/eep50anos\/","title":{"rendered":"Home"},"content":{"rendered":"\t\t<div data-elementor-type=\"wp-post\" data-elementor-id=\"1462\" class=\"elementor elementor-1462\">\n\t\t\t\t\t\t<section class=\"elementor-section elementor-top-section elementor-element elementor-element-f698d7b elementor-section-boxed elementor-section-height-default elementor-section-height-default\" data-id=\"f698d7b\" data-element_type=\"section\" id=\"sobre\" data-settings=\"{&quot;background_background&quot;:&quot;classic&quot;}\">\n\t\t\t\t\t\t<div class=\"elementor-container elementor-column-gap-default\">\n\t\t\t\t\t<div class=\"elementor-column elementor-col-50 elementor-top-column elementor-element elementor-element-ba0dba5\" data-id=\"ba0dba5\" data-element_type=\"column\">\n\t\t\t<div class=\"elementor-widget-wrap elementor-element-populated\">\n\t\t\t\t\t\t<div class=\"elementor-element elementor-element-a2e3350 elementor-widget elementor-widget-heading\" data-id=\"a2e3350\" data-element_type=\"widget\" data-widget_type=\"heading.default\">\n\t\t\t\t<div class=\"elementor-widget-container\">\n\t\t\t<h2 class=\"elementor-heading-title elementor-size-default\">SEJA BEM-VINDO AO NOSSO JUBILEU!\n<\/h2>\t\t<\/div>\n\t\t\t\t<\/div>\n\t\t\t\t<div class=\"elementor-element elementor-element-a169f20 elementor-widget elementor-widget-text-editor\" data-id=\"a169f20\" data-element_type=\"widget\" data-widget_type=\"text-editor.default\">\n\t\t\t\t<div class=\"elementor-widget-container\">\n\t\t\t\t\t\t\t<p>Atingimos um marco muito importante para n\u00f3s: o Jubileu de 50 anos da EEP! N\u00f3s da Escola de Engenharia de Piracicaba estamos muito honrados com essa passagem e queremos dividir cada momento com voc\u00ea! Para isso, tome nota do nosso calend\u00e1rio e esteja presente. Aqui no site voc\u00ea poder\u00e1 visualizar as fotos dos eventos que j\u00e1 aconteceram e esperamos que voc\u00ea esteja em muitas delas, e compartilhe! Navegue para ler depoimentos e assistir mais sobre nossa trajet\u00f3ria. Ali\u00e1s, assista o document\u00e1rio na sess\u00e3o \u201cHist\u00f3ria\u201d, est\u00e1 imperd\u00edvel. Antes disso, que tal um clique ao lado para ver o nosso v\u00eddeo de abertura? Seja bem vindo ao nosso Jubileu. Seja bem vindo \u00e0 EEP!<\/p>\t\t\t\t\t\t<\/div>\n\t\t\t\t<\/div>\n\t\t\t\t<div class=\"elementor-element elementor-element-40ba207 elementor-widget elementor-widget-button\" data-id=\"40ba207\" data-element_type=\"widget\" data-widget_type=\"button.default\">\n\t\t\t\t<div class=\"elementor-widget-container\">\n\t\t\t\t\t<div class=\"elementor-button-wrapper\">\n\t\t\t<a class=\"elementor-button elementor-button-link elementor-size-md\" href=\"https:\/\/webserver4.fumep.edu.br\/eep50anos\/historia\/\">\n\t\t\t\t\t\t<span class=\"elementor-button-content-wrapper\">\n\t\t\t\t\t\t\t\t\t<span class=\"elementor-button-text\">SAIBA MAIS<\/span>\n\t\t\t\t\t<\/span>\n\t\t\t\t\t<\/a>\n\t\t<\/div>\n\t\t\t\t<\/div>\n\t\t\t\t<\/div>\n\t\t\t\t\t<\/div>\n\t\t<\/div>\n\t\t\t\t<div class=\"elementor-column elementor-col-50 elementor-top-column elementor-element elementor-element-09fc054\" data-id=\"09fc054\" data-element_type=\"column\">\n\t\t\t<div class=\"elementor-widget-wrap elementor-element-populated\">\n\t\t\t\t\t\t<div class=\"elementor-element elementor-element-64cffeb elementor-widget elementor-widget-video\" data-id=\"64cffeb\" data-element_type=\"widget\" data-settings=\"{&quot;youtube_url&quot;:&quot;https:\\\/\\\/www.youtube.com\\\/watch?v=IBi2YwsNyoo&amp;feature=youtu.be&quot;,&quot;loop&quot;:&quot;yes&quot;,&quot;video_type&quot;:&quot;youtube&quot;,&quot;controls&quot;:&quot;yes&quot;}\" data-widget_type=\"video.default\">\n\t\t\t\t<div class=\"elementor-widget-container\">\n\t\t\t\t\t<div class=\"elementor-wrapper elementor-open-inline\">\n\t\t\t<div class=\"elementor-video\"><\/div>\t\t<\/div>\n\t\t\t\t<\/div>\n\t\t\t\t<\/div>\n\t\t\t\t\t<\/div>\n\t\t<\/div>\n\t\t\t\t\t<\/div>\n\t\t<\/section>\n\t\t\t\t<\/div>\n\t\t","protected":false},"excerpt":{"rendered":"<p>SEJA BEM-VINDO AO NOSSO JUBILEU! Atingimos um marco muito importante para n\u00f3s: o Jubileu de 50 anos da EEP! N\u00f3s da Escola de Engenharia de Piracicaba estamos muito honrados com essa passagem e queremos dividir cada momento com voc\u00ea! Para isso, tome nota do nosso calend\u00e1rio e esteja presente. Aqui no site voc\u00ea poder\u00e1 visualizar [&hellip;]<\/p>\n","protected":false},"author":1,"featured_media":0,"parent":0,"menu_order":0,"comment_status":"closed","ping_status":"closed","template":"page-home-elementor.php","meta":{"footnotes":""},"class_list":["post-1462","page","type-page","status-publish","hentry"],"yoast_head":"<!-- This site is optimized with the Yoast SEO plugin v23.7 - https:\/\/yoast.com\/wordpress\/plugins\/seo\/ -->\n<title>Home - EEP 50 Anos<\/title>\n<meta name=\"description\" content=\"Atingimos um marco muito importante para n\u00f3s: o Jubileu de 50 anos da EEP! N\u00f3s da Escola de Engenharia de Piracicaba estamos muito honrados\" \/>\n<meta name=\"robots\" content=\"index, follow, max-snippet:-1, max-image-preview:large, max-video-preview:-1\" \/>\n<link rel=\"canonical\" href=\"https:\/\/webserver4.fumep.edu.br\/eep50anos\/\" \/>\n<meta property=\"og:locale\" content=\"pt_BR\" \/>\n<meta property=\"og:type\" content=\"article\" \/>\n<meta property=\"og:title\" content=\"Home | EEP 50 Anos\" \/>\n<meta property=\"og:description\" content=\"Atingimos um marco muito importante para n\u00f3s: o Jubileu de 50 anos da EEP! N\u00f3s da Escola de Engenharia de Piracicaba estamos muito honrados com essa passagem e queremos dividir cada momento com voc\u00ea!\" \/>\n<meta property=\"og:url\" content=\"https:\/\/webserver4.fumep.edu.br\/eep50anos\/\" \/>\n<meta property=\"og:site_name\" content=\"EEP 50 Anos\" \/>\n<meta property=\"article:modified_time\" content=\"2020-02-21T13:47:31+00:00\" \/>\n<meta property=\"og:image\" content=\"https:\/\/webserver4.fumep.edu.br\/eep50anos\/site\/wp-content\/uploads\/2019\/03\/EEP_50_anos2.jpg\" \/>\n\t<meta property=\"og:image:width\" content=\"1920\" \/>\n\t<meta property=\"og:image:height\" content=\"600\" \/>\n\t<meta property=\"og:image:type\" content=\"image\/jpeg\" \/>\n<meta name=\"twitter:card\" content=\"summary_large_image\" \/>\n<meta name=\"twitter:title\" content=\"Home | EEP 50 Anos\" \/>\n<meta name=\"twitter:description\" content=\"Atingimos um marco muito importante para n\u00f3s: o Jubileu de 50 anos da EEP! N\u00f3s da Escola de Engenharia de Piracicaba estamos muito honrados com essa passagem e queremos dividir cada momento com voc\u00ea!\" \/>\n<meta name=\"twitter:image\" content=\"https:\/\/webserver4.fumep.edu.br\/eep50anos\/site\/wp-content\/uploads\/2019\/03\/EEP_50_anos2.jpg\" \/>\n<meta name=\"twitter:label1\" content=\"Est. tempo de leitura\" \/>\n\t<meta name=\"twitter:data1\" content=\"1 minuto\" \/>\n<script type=\"application\/ld+json\" class=\"yoast-schema-graph\">{\"@context\":\"https:\/\/schema.org\",\"@graph\":[{\"@type\":\"WebPage\",\"@id\":\"https:\/\/webserver4.fumep.edu.br\/eep50anos\/\",\"url\":\"https:\/\/webserver4.fumep.edu.br\/eep50anos\/\",\"name\":\"Home - EEP 50 Anos\",\"isPartOf\":{\"@id\":\"https:\/\/webserver4.fumep.edu.br\/eep50anos\/#website\"},\"datePublished\":\"2017-03-07T13:46:19+00:00\",\"dateModified\":\"2020-02-21T13:47:31+00:00\",\"description\":\"Atingimos um marco muito importante para n\u00f3s: o Jubileu de 50 anos da EEP! N\u00f3s da Escola de Engenharia de Piracicaba estamos muito honrados\",\"breadcrumb\":{\"@id\":\"https:\/\/webserver4.fumep.edu.br\/eep50anos\/#breadcrumb\"},\"inLanguage\":\"pt-BR\",\"potentialAction\":[{\"@type\":\"ReadAction\",\"target\":[\"https:\/\/webserver4.fumep.edu.br\/eep50anos\/\"]}]},{\"@type\":\"BreadcrumbList\",\"@id\":\"https:\/\/webserver4.fumep.edu.br\/eep50anos\/#breadcrumb\",\"itemListElement\":[{\"@type\":\"ListItem\",\"position\":1,\"name\":\"In\u00edcio\",\"item\":\"https:\/\/webserver4.fumep.edu.br\/eep50anos\/\"},{\"@type\":\"ListItem\",\"position\":2,\"name\":\"Home\"}]},{\"@type\":\"WebSite\",\"@id\":\"https:\/\/webserver4.fumep.edu.br\/eep50anos\/#website\",\"url\":\"https:\/\/webserver4.fumep.edu.br\/eep50anos\/\",\"name\":\"EEP 50 Anos\",\"description\":\"Escola de Engenharia de Piracicaba\",\"potentialAction\":[{\"@type\":\"SearchAction\",\"target\":{\"@type\":\"EntryPoint\",\"urlTemplate\":\"https:\/\/webserver4.fumep.edu.br\/eep50anos\/?s={search_term_string}\"},\"query-input\":{\"@type\":\"PropertyValueSpecification\",\"valueRequired\":true,\"valueName\":\"search_term_string\"}}],\"inLanguage\":\"pt-BR\"}]}<\/script>\n<!-- \/ Yoast SEO plugin. -->","yoast_head_json":{"title":"Home - EEP 50 Anos","description":"Atingimos um marco muito importante para n\u00f3s: o Jubileu de 50 anos da EEP! N\u00f3s da Escola de Engenharia de Piracicaba estamos muito honrados","robots":{"index":"index","follow":"follow","max-snippet":"max-snippet:-1","max-image-preview":"max-image-preview:large","max-video-preview":"max-video-preview:-1"},"canonical":"https:\/\/webserver4.fumep.edu.br\/eep50anos\/","og_locale":"pt_BR","og_type":"article","og_title":"Home | EEP 50 Anos","og_description":"Atingimos um marco muito importante para n\u00f3s: o Jubileu de 50 anos da EEP! N\u00f3s da Escola de Engenharia de Piracicaba estamos muito honrados com essa passagem e queremos dividir cada momento com voc\u00ea!","og_url":"https:\/\/webserver4.fumep.edu.br\/eep50anos\/","og_site_name":"EEP 50 Anos","article_modified_time":"2020-02-21T13:47:31+00:00","og_image":[{"width":1920,"height":600,"url":"https:\/\/webserver4.fumep.edu.br\/eep50anos\/site\/wp-content\/uploads\/2019\/03\/EEP_50_anos2.jpg","type":"image\/jpeg"}],"twitter_card":"summary_large_image","twitter_title":"Home | EEP 50 Anos","twitter_description":"Atingimos um marco muito importante para n\u00f3s: o Jubileu de 50 anos da EEP! N\u00f3s da Escola de Engenharia de Piracicaba estamos muito honrados com essa passagem e queremos dividir cada momento com voc\u00ea!","twitter_image":"https:\/\/webserver4.fumep.edu.br\/eep50anos\/site\/wp-content\/uploads\/2019\/03\/EEP_50_anos2.jpg","twitter_misc":{"Est. tempo de leitura":"1 minuto"},"schema":{"@context":"https:\/\/schema.org","@graph":[{"@type":"WebPage","@id":"https:\/\/webserver4.fumep.edu.br\/eep50anos\/","url":"https:\/\/webserver4.fumep.edu.br\/eep50anos\/","name":"Home - EEP 50 Anos","isPartOf":{"@id":"https:\/\/webserver4.fumep.edu.br\/eep50anos\/#website"},"datePublished":"2017-03-07T13:46:19+00:00","dateModified":"2020-02-21T13:47:31+00:00","description":"Atingimos um marco muito importante para n\u00f3s: o Jubileu de 50 anos da EEP! N\u00f3s da Escola de Engenharia de Piracicaba estamos muito honrados","breadcrumb":{"@id":"https:\/\/webserver4.fumep.edu.br\/eep50anos\/#breadcrumb"},"inLanguage":"pt-BR","potentialAction":[{"@type":"ReadAction","target":["https:\/\/webserver4.fumep.edu.br\/eep50anos\/"]}]},{"@type":"BreadcrumbList","@id":"https:\/\/webserver4.fumep.edu.br\/eep50anos\/#breadcrumb","itemListElement":[{"@type":"ListItem","position":1,"name":"In\u00edcio","item":"https:\/\/webserver4.fumep.edu.br\/eep50anos\/"},{"@type":"ListItem","position":2,"name":"Home"}]},{"@type":"WebSite","@id":"https:\/\/webserver4.fumep.edu.br\/eep50anos\/#website","url":"https:\/\/webserver4.fumep.edu.br\/eep50anos\/","name":"EEP 50 Anos","description":"Escola de Engenharia de Piracicaba","potentialAction":[{"@type":"SearchAction","target":{"@type":"EntryPoint","urlTemplate":"https:\/\/webserver4.fumep.edu.br\/eep50anos\/?s={search_term_string}"},"query-input":{"@type":"PropertyValueSpecification","valueRequired":true,"valueName":"search_term_string"}}],"inLanguage":"pt-BR"}]}},"_links":{"self":[{"href":"https:\/\/webserver4.fumep.edu.br\/eep50anos\/wp-json\/wp\/v2\/pages\/1462"}],"collection":[{"href":"https:\/\/webserver4.fumep.edu.br\/eep50anos\/wp-json\/wp\/v2\/pages"}],"about":[{"href":"https:\/\/webserver4.fumep.edu.br\/eep50anos\/wp-json\/wp\/v2\/types\/page"}],"author":[{"embeddable":true,"href":"https:\/\/webserver4.fumep.edu.br\/eep50anos\/wp-json\/wp\/v2\/users\/1"}],"replies":[{"embeddable":true,"href":"https:\/\/webserver4.fumep.edu.br\/eep50anos\/wp-json\/wp\/v2\/comments?post=1462"}],"version-history":[{"count":13,"href":"https:\/\/webserver4.fumep.edu.br\/eep50anos\/wp-json\/wp\/v2\/pages\/1462\/revisions"}],"predecessor-version":[{"id":5007,"href":"https:\/\/webserver4.fumep.edu.br\/eep50anos\/wp-json\/wp\/v2\/pages\/1462\/revisions\/5007"}],"wp:attachment":[{"href":"https:\/\/webserver4.fumep.edu.br\/eep50anos\/wp-json\/wp\/v2\/media?parent=1462"}],"curies":[{"name":"wp","href":"https:\/\/api.w.org\/{rel}","templated":true}]}}